{"id":37,"date":"2025-02-07T09:57:43","date_gmt":"2025-02-07T09:57:43","guid":{"rendered":"https:\/\/mosfethive.com\/?post_type=product&#038;p=37"},"modified":"2025-02-19T17:27:57","modified_gmt":"2025-02-19T17:27:57","slug":"brazo-robot-so-arm100","status":"publish","type":"product","link":"https:\/\/mosfethive.com\/fr\/produit\/brazo-robot-so-arm100\/","title":{"rendered":"Brazos Rob\u00f3ticos con Inteligencia Artificial SO-ARM100"},"content":{"rendered":"<p>Descubre el <a href=\"https:\/\/github.com\/TheRobotStudio\/SO-ARM100\/\" target=\"_blank\" rel=\"noopener\"><strong>SO-ARM100<\/strong><\/a>, un pack de dos brazos rob\u00f3ticos de c\u00f3digo abierto dise\u00f1ado para integrarse perfectamente con la plataforma de inteligencia artificial <strong>LeRobot<\/strong>. Esta combinaci\u00f3n es ideal para aprender y ense\u00f1ar sobre la aplicaci\u00f3n de la inteligencia artificial en la rob\u00f3tica. Compatible con plataformas como Arduino y Raspberry Pi, el <strong>SO-ARM100<\/strong> te permite explorar \u00e1reas como la cinem\u00e1tica, el control de movimiento y la automatizaci\u00f3n.<\/p>\n<h3>\ud83d\udee0\ufe0f <strong>Elige tu versi\u00f3n<\/strong><\/h3>\n<p>El pack <strong>SO-ARM100<\/strong> est\u00e1 disponible en dos configuraciones de voltaje, con la opci\u00f3n de incluir o no las piezas impresas en 3D:<\/p>\n<p>\ud83d\udd38 <strong>Versi\u00f3n Standard Kit (5V):<\/strong><\/p>\n<ul>\n<li>12 Servos STS3215 de 7.4V y 20kg para montar dos robots SO-ARM100 en configuraciones de Leader y Follower.<\/li>\n<li>2 Controladores de motores.<\/li>\n<li>2 Fuentes de alimentaci\u00f3n de 5V 4A.<\/li>\n<li>2 Cables USB-C.<\/li>\n<\/ul>\n<p>\ud83d\udd39 <strong>Versi\u00f3n Pro Kit (12V):<\/strong><\/p>\n<ul>\n<li>12 Servos STS3215 de 12V y 30kg para mayor potencia en tus dos robots SO-ARM100 en configuraciones de Leader y Follower.<\/li>\n<li>2 Controladores de motores.<\/li>\n<li>2 Fuentes de alimentaci\u00f3n de 12V 5A para alimentar los servos de mayor potencia.<\/li>\n<li>2 Cables USB-C.<\/li>\n<\/ul>\n<p>\ud83c\udfa8 <strong>Opciones de compra:<\/strong><\/p>\n<ul>\n<li><strong>Solo electr\u00f3nica y mec\u00e1nica<\/strong>: Ideal para quienes disponen de una impresora 3D y desean imprimir las piezas por s\u00ed mismos.<\/li>\n<li><strong>Kit completo<\/strong>: Incluye todas las piezas impresas en 3D listas para ensamblar.<\/li>\n<\/ul>\n<hr \/>\n<h3>\ud83d\udce6 <strong>\u00bfQu\u00e9 incluye cada kit?<\/strong><\/h3>\n<table>\n<thead>\n<tr>\n<th>Componente<\/th>\n<th>5V Kit<\/th>\n<th>12V Kit<\/th>\n<\/tr>\n<\/thead>\n<tbody>\n<tr>\n<td><strong>Servos STS3215 (12 uds.)<\/strong><\/td>\n<td>7.4V 20kg<\/td>\n<td>12V 30kg<\/td>\n<\/tr>\n<tr>\n<td><strong>Controlador de motores (2 uds.)<\/strong><\/td>\n<td>\u2705<\/td>\n<td>\u2705<\/td>\n<\/tr>\n<tr>\n<td><strong>Cables USB-C (2 uds.)<\/strong><\/td>\n<td>\u2705<\/td>\n<td>\u2705<\/td>\n<\/tr>\n<tr>\n<td><strong>Fuente de alimentaci\u00f3n (2 uds.)<\/strong><\/td>\n<td>5V 4A<\/td>\n<td>12V 5A<\/td>\n<\/tr>\n<tr>\n<td><strong>Piezas impresas en 3D<\/strong><\/td>\n<td>Opcional<\/td>\n<td>Opcional<\/td>\n<\/tr>\n<\/tbody>\n<\/table>\n<hr \/>\n<h4>\ud83d\udd39 <strong>Caracter\u00edsticas principales:<\/strong><\/h4>\n<ul>\n<li><strong>Integraci\u00f3n con LeRobot<\/strong>: Aprovecha los modelos, conjuntos de datos y herramientas que ofrece LeRobot para aplicaciones rob\u00f3ticas del mundo real, facilitando la implementaci\u00f3n de algoritmos de aprendizaje por imitaci\u00f3n y refuerzo.<\/li>\n<li><strong>Dise\u00f1o Open Source<\/strong>: Accede a los archivos y personaliza tu robot seg\u00fan tus necesidades. (<a href=\"https:\/\/github.com\/TheRobotStudio\/SO-ARM100\">Github<\/a>)<\/li>\n<li><strong>Motores de alto rendimiento<\/strong>: Equipado con servomotores STS3215 de 20kg o 30kg, dependiendo de la versi\u00f3n seleccionada.<\/li>\n<li><strong>Estructura modular<\/strong>: Ensambla el brazo utilizando piezas impresas en 3D proporcionadas o imprime las tuyas propias.<\/li>\n<li><strong>Control preciso<\/strong>: Compatible con microcontroladores y software de c\u00f3digo abierto para un control detallado.<\/li>\n<li><strong>F\u00e1cil montaje<\/strong>: Incluye todos los componentes necesarios y una gu\u00eda detallada de ensamblaje.<\/li>\n<\/ul>\n<hr \/>\n<h3>\ud83d\ude80 <strong>Comienza tu aventura en la rob\u00f3tica con inteligencia artificial<\/strong><\/h3>\n<p>Ya sea que prefieras imprimir las piezas t\u00fa mismo o recibir un kit completo listo para ensamblar, el <strong>SO-ARM100<\/strong> combinado con <strong>LeRobot<\/strong> es la opci\u00f3n perfecta para explorar y ense\u00f1ar la aplicaci\u00f3n de la inteligencia artificial en la rob\u00f3tica de manera pr\u00e1ctica y accesible.<\/p>\n<p>\ud83d\udc49 <strong>\u00a1Haz tu pedido ahora y lleva tu aprendizaje al siguiente nivel!<\/strong><\/p>\n","protected":false},"excerpt":{"rendered":"<p>Descubre el SO-ARM100, un pack de dos brazos rob\u00f3ticos de c\u00f3digo abierto dise\u00f1ado para integrarse perfectamente con la plataforma de inteligencia artificial LeRobot. Esta combinaci\u00f3n es ideal para aprender y ense\u00f1ar sobre la aplicaci\u00f3n de la inteligencia artificial en la rob\u00f3tica. Compatible con plataformas como Arduino y Raspberry Pi, el SO-ARM100 te permite explorar \u00e1reas &#8230; <a title=\"Brazos Rob\u00f3ticos con Inteligencia Artificial SO-ARM100\" class=\"read-more\" href=\"https:\/\/mosfethive.com\/fr\/produit\/brazo-robot-so-arm100\/\" aria-label=\"En savoir plus sur Brazos Rob\u00f3ticos con Inteligencia Artificial SO-ARM100\">Lire plus<\/a><\/p>\n","protected":false},"featured_media":148,"template":"","meta":[],"product_brand":[],"product_cat":[35],"product_tag":[],"class_list":{"0":"post-37","1":"product","2":"type-product","3":"status-publish","4":"has-post-thumbnail","6":"product_cat-robotique","7":"sales-flash-overlay","8":"woocommerce-text-align-center","9":"woocommerce-image-align-center","10":"do-quantity-buttons","12":"first","13":"outofstock","14":"shipping-taxable","15":"purchasable","16":"product-type-variable","17":"has-default-attributes"},"_links":{"self":[{"href":"https:\/\/mosfethive.com\/fr\/wp-json\/wp\/v2\/product\/37","targetHints":{"allow":["GET"]}}],"collection":[{"href":"https:\/\/mosfethive.com\/fr\/wp-json\/wp\/v2\/product"}],"about":[{"href":"https:\/\/mosfethive.com\/fr\/wp-json\/wp\/v2\/types\/product"}],"wp:featuredmedia":[{"embeddable":true,"href":"https:\/\/mosfethive.com\/fr\/wp-json\/wp\/v2\/media\/148"}],"wp:attachment":[{"href":"https:\/\/mosfethive.com\/fr\/wp-json\/wp\/v2\/media?parent=37"}],"wp:term":[{"taxonomy":"product_brand","embeddable":true,"href":"https:\/\/mosfethive.com\/fr\/wp-json\/wp\/v2\/product_brand?post=37"},{"taxonomy":"product_cat","embeddable":true,"href":"https:\/\/mosfethive.com\/fr\/wp-json\/wp\/v2\/product_cat?post=37"},{"taxonomy":"product_tag","embeddable":true,"href":"https:\/\/mosfethive.com\/fr\/wp-json\/wp\/v2\/product_tag?post=37"}],"curies":[{"name":"wp","href":"https:\/\/api.w.org\/{rel}","templated":true}]}}