{"id":357,"date":"2025-02-09T17:09:01","date_gmt":"2025-02-09T17:09:01","guid":{"rendered":"https:\/\/mosfethive.com\/product\/pieces-imprimees-en-3d-pour-le-so-arm100\/"},"modified":"2025-02-09T17:09:01","modified_gmt":"2025-02-09T17:09:01","slug":"pieces-imprimees-en-3d-pour-le-so-arm100","status":"publish","type":"product","link":"https:\/\/mosfethive.com\/fr\/produit\/pieces-imprimees-en-3d-pour-le-so-arm100\/","title":{"rendered":"Pi\u00e8ces imprim\u00e9es en 3D pour le SO-ARM100"},"content":{"rendered":"<p>Si vous cherchez \u00e0 <strong>acheter des pi\u00e8ces imprim\u00e9es en 3D pour le SO-ARM100<\/strong>, vous trouverez ici exactement ce dont vous avez besoin. Ce kit comprend des pi\u00e8ces m\u00e9caniques imprim\u00e9es avec une <strong>grande pr\u00e9cision et des mat\u00e9riaux r\u00e9sistants<\/strong>, garantissant un assemblage facile et une structure robuste pour vos bras robotiques. <\/p>\n<p><strong>Personnalisez votre commande de pi\u00e8ces imprim\u00e9es:<\/strong><\/p>\n<p>\ud83d\udd39 <strong>Type<\/strong> : Choisissez entre les pi\u00e8ces imprim\u00e9es pour le <strong>Pack Complet<\/strong> avec les deux bras <a href=\"https:\/\/github.com\/TheRobotStudio\/SO-ARM100\" target=\"_blank\" rel=\"noopener\">SO-ARM100<\/a>, ou les pi\u00e8ces imprim\u00e9es pour un seul bras, le <strong><a href=\"https:\/\/github.com\/TheRobotStudio\/SO-ARM100\/tree\/main\/stl_files_for_3dprinting\/Leader\" target=\"_blank\" rel=\"noopener\">Leader<\/a><\/strong> ou le <strong><a href=\"https:\/\/github.com\/TheRobotStudio\/SO-ARM100\/tree\/main\/stl_files_for_3dprinting\/Follower\" target=\"_blank\" rel=\"noopener\">Follower<\/a><\/strong>.<br \/>\n\ud83d\udd39 <strong>Couleur<\/strong>: Disponible en <strong>jaune, noir et blanc<\/strong> pour personnaliser votre robot \u00e0 votre go\u00fbt.<\/p>\n<h2><strong>Que comprend le kit de pi\u00e8ces imprim\u00e9es en 3D pour le SO-ARM100?<\/strong><\/h2>\n<p>\u2705 <strong>Toutes les pi\u00e8ces m\u00e9caniques imprim\u00e9es en 3D<\/strong> n\u00e9cessaires pour assembler le bras s\u00e9lectionn\u00e9.<br \/>\n\u2705 Fabriqu\u00e9es en <strong>PLA de haute qualit\u00e9<\/strong>, offrant une <strong>meilleure rigidit\u00e9 et stabilit\u00e9<\/strong>.<br \/>\n\u2705 Conception optimis\u00e9e pour un <strong>ajustement pr\u00e9cis et sans complications<\/strong>.<\/p>\n<h2><strong>Pourquoi acheter nos pi\u00e8ces imprim\u00e9es pour le SO-ARM100?<\/strong><\/h2>\n<p>\ud83d\udd39 <strong>Qualit\u00e9 professionnelle<\/strong>, imprim\u00e9e avec pr\u00e9cision et tol\u00e9rances calibr\u00e9es.<br \/>\n\ud83d\udd39 <strong>100% compatibles avec le SO-ARM100<\/strong>, sans n\u00e9cessiter de modifications.<br \/>\n\ud83d\udd39 <strong>Exp\u00e9dition rapide et fabrication sur demande<\/strong>, pour commencer votre projet sans d\u00e9lai.<\/p>\n<p>\ud83d\udca1 Parfait pour les makers, les \u00e9tudiants et les professionnels de la robotique qui souhaitent gagner du temps et s&rsquo;assurer d&rsquo;avoir des pi\u00e8ces de qualit\u00e9 pr\u00eates \u00e0 assembler.<\/p>\n<p><strong>\ud83d\ude80 Achetez d\u00e8s maintenant vos pi\u00e8ces imprim\u00e9es pour le SO-ARM100 et commencez \u00e0 construire votre robot!<\/strong><\/p>\n","protected":false},"excerpt":{"rendered":"<p>Si vous cherchez \u00e0 acheter des pi\u00e8ces imprim\u00e9es en 3D pour le SO-ARM100, vous trouverez ici exactement ce dont vous avez besoin. Ce kit comprend des pi\u00e8ces m\u00e9caniques imprim\u00e9es avec une grande pr\u00e9cision et des mat\u00e9riaux r\u00e9sistants, garantissant un assemblage facile et une structure robuste pour vos bras robotiques. Personnalisez votre commande de pi\u00e8ces imprim\u00e9es: &#8230; <a title=\"Pi\u00e8ces imprim\u00e9es en 3D pour le SO-ARM100\" class=\"read-more\" href=\"https:\/\/mosfethive.com\/fr\/produit\/pieces-imprimees-en-3d-pour-le-so-arm100\/\" aria-label=\"En savoir plus sur Pi\u00e8ces imprim\u00e9es en 3D pour le SO-ARM100\">Lire plus<\/a><\/p>\n","protected":false},"featured_media":264,"template":"","meta":[],"product_brand":[],"product_cat":[35],"product_tag":[],"class_list":{"0":"post-357","1":"product","2":"type-product","3":"status-publish","4":"has-post-thumbnail","6":"product_cat-robotique","7":"sales-flash-overlay","8":"woocommerce-text-align-center","9":"woocommerce-image-align-center","10":"do-quantity-buttons","12":"first","13":"outofstock","14":"shipping-taxable","15":"purchasable","16":"product-type-variable","17":"has-default-attributes"},"_links":{"self":[{"href":"https:\/\/mosfethive.com\/fr\/wp-json\/wp\/v2\/product\/357","targetHints":{"allow":["GET"]}}],"collection":[{"href":"https:\/\/mosfethive.com\/fr\/wp-json\/wp\/v2\/product"}],"about":[{"href":"https:\/\/mosfethive.com\/fr\/wp-json\/wp\/v2\/types\/product"}],"wp:featuredmedia":[{"embeddable":true,"href":"https:\/\/mosfethive.com\/fr\/wp-json\/wp\/v2\/media\/264"}],"wp:attachment":[{"href":"https:\/\/mosfethive.com\/fr\/wp-json\/wp\/v2\/media?parent=357"}],"wp:term":[{"taxonomy":"product_brand","embeddable":true,"href":"https:\/\/mosfethive.com\/fr\/wp-json\/wp\/v2\/product_brand?post=357"},{"taxonomy":"product_cat","embeddable":true,"href":"https:\/\/mosfethive.com\/fr\/wp-json\/wp\/v2\/product_cat?post=357"},{"taxonomy":"product_tag","embeddable":true,"href":"https:\/\/mosfethive.com\/fr\/wp-json\/wp\/v2\/product_tag?post=357"}],"curies":[{"name":"wp","href":"https:\/\/api.w.org\/{rel}","templated":true}]}}