{"id":352,"date":"2025-02-01T11:14:24","date_gmt":"2025-02-01T11:14:24","guid":{"rendered":"https:\/\/mosfethive.com\/mosfethive\/"},"modified":"2025-02-22T18:54:14","modified_gmt":"2025-02-22T18:54:14","slug":"mosfethive","status":"publish","type":"page","link":"https:\/\/mosfethive.com\/fr\/","title":{"rendered":"MosfetHive"},"content":{"rendered":"\n<div class=\"wp-block-group alignfull has-base-2-background-color has-background\"><div class=\"wp-block-group__inner-container is-layout-constrained wp-block-group-is-layout-constrained\">\n<div class=\"wp-block-columns is-layout-flex wp-container-core-columns-is-layout-9d6595d7 wp-block-columns-is-layout-flex\">\n<div class=\"wp-block-column is-layout-flow wp-block-column-is-layout-flow\" style=\"flex-basis:40%\"><div class=\"wp-block-image is-style-default\">\n<figure class=\"aligncenter size-full is-resized\"><a href=\"https:\/\/mosfethive.com\/fr\/produit\/piezas-impresas-so-arm100\/\"><img loading=\"lazy\" decoding=\"async\" width=\"569\" height=\"569\" src=\"https:\/\/mosfethive.com\/wp-content\/uploads\/2025\/02\/Piezas-impresas-SO-ARM100-Cura-edited.png\" alt=\"\" class=\"wp-image-181\" style=\"object-fit:cover;width:453px;height:auto\" srcset=\"https:\/\/mosfethive.com\/wp-content\/uploads\/2025\/02\/Piezas-impresas-SO-ARM100-Cura-edited.png 569w, https:\/\/mosfethive.com\/wp-content\/uploads\/2025\/02\/Piezas-impresas-SO-ARM100-Cura-edited-300x300.png 300w, https:\/\/mosfethive.com\/wp-content\/uploads\/2025\/02\/Piezas-impresas-SO-ARM100-Cura-edited-150x150.png 150w, https:\/\/mosfethive.com\/wp-content\/uploads\/2025\/02\/Piezas-impresas-SO-ARM100-Cura-edited-100x100.png 100w\" sizes=\"auto, (max-width: 569px) 100vw, 569px\" \/><\/a><\/figure><\/div><\/div>\n\n\n\n<div class=\"wp-block-column is-layout-flow wp-block-column-is-layout-flow\" style=\"flex-basis:60%\">\n<p class=\"has-dark-color has-text-color has-link-color has-large-font-size wp-elements-2750661f9e5a35e67bc6284e3256b719\"><strong><a href=\"https:\/\/mosfethive.com\/product\/piezas-impresas-so-arm100\/\">Pi\u00e8ces imprim\u00e9es en 3D pour le bras robotique SO-ARM100<\/a><\/strong><\/p>\n\n\n\n<div style=\"height:20px\" aria-hidden=\"true\" class=\"wp-block-spacer\"><\/div>\n\n\n\n<p class=\"has-dark-color has-text-color has-medium-font-size\">Construisez vos <strong>bras robotiques SO-ARM100 avec des pi\u00e8ces imprim\u00e9es en 3D<\/strong>, fabriqu\u00e9es en PLA r\u00e9sistant et pr\u00eates \u00e0 \u00eatre assembl\u00e9es. <strong>Personnalisez votre kit<\/strong> en choisissant le type de bras et les couleurs, et recevez des pi\u00e8ces 100 % compatibles et de qualit\u00e9 professionnelle. <\/p>\n\n\n\n<p class=\"has-dark-color has-text-color has-medium-font-size\">\ud83d\ude80 <strong>Achetez maintenant et commencez \u00e0 construire!<\/strong><\/p>\n\n\n\n<div style=\"height:30px\" aria-hidden=\"true\" class=\"wp-block-spacer\"><\/div>\n\n\n\n<div class=\"wp-block-buttons is-horizontal is-content-justification-center is-layout-flex wp-container-core-buttons-is-layout-499968f5 wp-block-buttons-is-layout-flex\">\n<div class=\"wp-block-button has-custom-width wp-block-button__width-75 has-custom-font-size has-medium-font-size\"><a class=\"wp-block-button__link has-text-align-center wp-element-button\" href=\"https:\/\/mosfethive.com\/fr\/produit\/piezas-impresas-so-arm100\/\" style=\"border-radius:0px\">Acheter des pi\u00e8ces imprim\u00e9es SO-ARM100<\/a><\/div>\n<\/div>\n<\/div>\n<\/div>\n<\/div><\/div>\n\n<div class=\"wp-block-group alignfull has-gris-claro-aluminio-background-color has-background\"><div class=\"wp-block-group__inner-container is-layout-constrained wp-block-group-is-layout-constrained\">\n<div class=\"wp-block-columns is-layout-flex wp-container-core-columns-is-layout-9d6595d7 wp-block-columns-is-layout-flex\">\n<div class=\"wp-block-column is-layout-flow wp-block-column-is-layout-flow\" style=\"flex-basis:60%\">\n<p class=\"has-dark-color has-text-color has-link-color has-large-font-size wp-elements-ef53240d0e6e7fbfafea30fecd95295e\"><a href=\"https:\/\/mosfethive.com\/product\/brazo-robot-so-arm100\/\"><strong>SO-ARM100<\/strong>: le bras robotique avec Intelligence Artificielle<\/a><\/p>\n\n\n\n<p class=\"has-dark-color has-text-color has-medium-font-size\">Apprenez \u00e0 fusionner l&rsquo;IA et la robotique avec le <strong>SO-ARM100<\/strong>, un bras robotique <strong>open source<\/strong> id\u00e9al pour exp\u00e9rimenter <strong>le contr\u00f4le de mouvement, la vision artificielle, le machine learning et l&rsquo;intelligence artificielle<\/strong>.<\/p>\n\n\n\n<p class=\"has-dark-color has-text-color has-medium-font-size\">Disponible en plusieurs configurations :<br\/>\ud83d\udd39 Uniquement les <strong>composants \u00e9lectroniques et m\u00e9caniques<\/strong>.<br\/>\ud83d\udd39 <strong>Kit complet<\/strong> avec pi\u00e8ces imprim\u00e9es en 3D incluses.<\/p>\n\n\n\n<div style=\"height:20px\" aria-hidden=\"true\" class=\"wp-block-spacer\"><\/div>\n\n\n\n<div class=\"wp-block-buttons is-horizontal is-content-justification-center is-layout-flex wp-container-core-buttons-is-layout-499968f5 wp-block-buttons-is-layout-flex\">\n<div class=\"wp-block-button has-custom-width wp-block-button__width-50 has-custom-font-size has-medium-font-size\"><a class=\"wp-block-button__link has-text-align-center wp-element-button\" href=\"https:\/\/mosfethive.com\/fr\/produit\/brazo-robot-so-arm100\/\" style=\"border-radius:0px\">Acheter SO-ARM100<\/a><\/div>\n<\/div>\n<\/div>\n\n\n\n<div class=\"wp-block-column is-layout-flow wp-block-column-is-layout-flow\" style=\"flex-basis:40%\">\n<figure class=\"wp-block-image size-large is-style-default\"><a href=\"https:\/\/mosfethive.com\/fr\/produit\/brazo-robot-so-arm100\/\"><img loading=\"lazy\" decoding=\"async\" width=\"1024\" height=\"768\" src=\"https:\/\/mosfethive.com\/wp-content\/uploads\/2025\/02\/Arm_kit-1024x768.webp\" alt=\"\" class=\"wp-image-148\" style=\"aspect-ratio:1;object-fit:cover\" srcset=\"https:\/\/mosfethive.com\/wp-content\/uploads\/2025\/02\/Arm_kit-1024x768.webp 1024w, https:\/\/mosfethive.com\/wp-content\/uploads\/2025\/02\/Arm_kit-300x225.webp 300w, https:\/\/mosfethive.com\/wp-content\/uploads\/2025\/02\/Arm_kit-768x576.webp 768w, https:\/\/mosfethive.com\/wp-content\/uploads\/2025\/02\/Arm_kit-1536x1152.webp 1536w, https:\/\/mosfethive.com\/wp-content\/uploads\/2025\/02\/Arm_kit-2048x1536.webp 2048w, https:\/\/mosfethive.com\/wp-content\/uploads\/2025\/02\/Arm_kit-600x450.webp 600w\" sizes=\"auto, (max-width: 1024px) 100vw, 1024px\" \/><\/a><\/figure>\n<\/div>\n<\/div>\n<\/div><\/div>\n<style>.kb-row-layout-wrap.wp-block-kadence-rowlayout.kb-row-layout-id19_a49e28-3a{margin-bottom:0px;}.kb-row-layout-id19_a49e28-3a > .kt-row-column-wrap{align-content:start;}:where(.kb-row-layout-id19_a49e28-3a > .kt-row-column-wrap) > .wp-block-kadence-column{justify-content:start;}.kb-row-layout-id19_a49e28-3a > .kt-row-column-wrap{column-gap:var(--global-kb-gap-md, 2rem);row-gap:var(--global-kb-gap-md, 2rem);max-width:1200px;padding-top:var(--global-kb-spacing-4xl, 8rem);padding-bottom:var(--global-kb-spacing-4xl, 8rem);grid-template-columns:minmax(0, calc(60% - ((var(--global-kb-gap-md, 2rem) * 1 )\/2)))minmax(0, calc(40% - ((var(--global-kb-gap-md, 2rem) * 1 )\/2)));}.kb-row-layout-id19_a49e28-3a > .kt-row-layout-overlay{opacity:0.30;}.kb-row-layout-id19_a49e28-3a .kt-row-layout-bottom-sep{height:100px;}.kb-row-layout-id19_a49e28-3a .kt-row-layout-bottom-sep svg{width:100%;}.kb-row-layout-id19_a49e28-3a .kt-row-layout-bottom-sep svg{fill:var(--negro-industrial)!important;}.kb-row-layout-id19_a49e28-3a .kt-row-layout-top-sep{height:100px;}.kb-row-layout-id19_a49e28-3a .kt-row-layout-top-sep svg{width:100%;}.kb-row-layout-id19_a49e28-3a .kt-row-layout-top-sep svg{fill:var(--gris-claro-aluminio)!important;}@media all and (max-width: 1024px){.kb-row-layout-id19_a49e28-3a > .kt-row-column-wrap{grid-template-columns:repeat(2, minmax(0, 1fr));}}@media all and (max-width: 1024px){.kb-row-layout-id19_a49e28-3a .kt-row-layout-bottom-sep{height:px;}}@media all and (max-width: 1024px){.kb-row-layout-id19_a49e28-3a .kt-row-layout-bottom-sep svg{width:%;}}@media all and (max-width: 767px){.kb-row-layout-id19_a49e28-3a > .kt-row-column-wrap{grid-template-columns:minmax(0, 1fr);}.kb-row-layout-id19_a49e28-3a .kt-row-layout-bottom-sep{height:px;}.kb-row-layout-id19_a49e28-3a .kt-row-layout-bottom-sep svg{width:%;}}<\/style><div class=\"kb-row-layout-wrap kb-row-layout-id19_a49e28-3a alignnone wp-block-kadence-rowlayout\"><div class=\"kt-row-layout-top-sep kt-row-sep-type-mtns\"><svg viewBox=\"0 0 1000 100\" preserveAspectRatio=\"none\"><path d=\"M1000,50l-182.69,-45.286l-292.031,61.197l-190.875,-41.075l-143.748,28.794l-190.656,-23.63l0,70l1000,0l0,-50Z\" style=\"opacity: 0.4\" \/><path d=\"M1000,57l-152.781,-22.589l-214.383,19.81l-159.318,-21.471l-177.44,25.875l-192.722,5.627l-103.356,-27.275l0,63.023l1000,0l0,-43Z\" \/><\/svg><\/div><div class=\"kt-row-layout-bottom-sep kt-row-sep-type-mtns\"><svg viewBox=\"0 0 1000 100\" preserveAspectRatio=\"none\"><path d=\"M1000,50l-182.69,-45.286l-292.031,61.197l-190.875,-41.075l-143.748,28.794l-190.656,-23.63l0,70l1000,0l0,-50Z\" style=\"opacity: 0.4\" \/><path d=\"M1000,57l-152.781,-22.589l-214.383,19.81l-159.318,-21.471l-177.44,25.875l-192.722,5.627l-103.356,-27.275l0,63.023l1000,0l0,-43Z\" \/><\/svg><\/div><div class=\"kt-row-column-wrap kt-has-2-columns kt-row-layout-equal kt-tab-layout-inherit kt-mobile-layout-row kt-row-valign-top kb-theme-content-width\">\n<style>.kadence-column19_6cdde7-a6 > .kt-inside-inner-col,.kadence-column19_6cdde7-a6 > .kt-inside-inner-col:before{border-top-left-radius:0px;border-top-right-radius:0px;border-bottom-right-radius:0px;border-bottom-left-radius:0px;}.kadence-column19_6cdde7-a6 > .kt-inside-inner-col{column-gap:var(--global-kb-gap-sm, 1rem);}.kadence-column19_6cdde7-a6 > .kt-inside-inner-col{flex-direction:column;}.kadence-column19_6cdde7-a6 > .kt-inside-inner-col > .aligncenter{width:100%;}.kadence-column19_6cdde7-a6 > .kt-inside-inner-col:before{opacity:0.3;}.kadence-column19_6cdde7-a6{position:relative;}@media all and (max-width: 1024px){.kadence-column19_6cdde7-a6 > .kt-inside-inner-col{flex-direction:column;justify-content:center;}}@media all and (max-width: 767px){.kadence-column19_6cdde7-a6 > .kt-inside-inner-col{flex-direction:column;justify-content:center;}}<\/style>\n<div class=\"wp-block-kadence-column kadence-column19_6cdde7-a6\"><div class=\"kt-inside-inner-col\">\n<p class=\"has-dark-color has-text-color has-link-color has-large-font-size wp-elements-b0d6143fdfd32c1c80bd79ebd72b67b2\">\ud83d\ude80 SUSCRIVEZ-VOUS \u00c0 NOS NOUVEAUT\u00c9S<\/p>\n\n\n\n<p class=\"has-dark-color has-text-color has-link-color has-medium-font-size wp-elements-473a79fc4c16d238956c4a09676f717e\" style=\"margin-top:0;margin-bottom:var(--wp--preset--spacing--50)\">\ud83d\udd14 Voulez-vous rester inform\u00e9 des <strong>nouveaux produits, offres et contenus exclusifs<\/strong>?<\/p>\n\n\n\n<p>ABONNEZ-VOUS \u00c0 NOTRE NEWSLETTER ET RECEVEZ :<br\/>\u2705 Des lancements exclusifs en avant-premi\u00e8re.<br\/>\u2705 Des r\u00e9ductions sp\u00e9ciales pour les abonn\u00e9s.<br\/>\u2705 Des projets et tutoriels pour stimuler votre cr\u00e9ativit\u00e9.<\/p>\n<\/div><\/div>\n\n\n<style>.kadence-column19_46d48a-d2 > .kt-inside-inner-col,.kadence-column19_46d48a-d2 > .kt-inside-inner-col:before{border-top-left-radius:0px;border-top-right-radius:0px;border-bottom-right-radius:0px;border-bottom-left-radius:0px;}.kadence-column19_46d48a-d2 > .kt-inside-inner-col{column-gap:var(--global-kb-gap-sm, 1rem);}.kadence-column19_46d48a-d2 > .kt-inside-inner-col{flex-direction:column;}.kadence-column19_46d48a-d2 > .kt-inside-inner-col > .aligncenter{width:100%;}.kadence-column19_46d48a-d2 > .kt-inside-inner-col:before{opacity:0.3;}.kadence-column19_46d48a-d2{position:relative;}@media all and (max-width: 1024px){.kadence-column19_46d48a-d2 > .kt-inside-inner-col{flex-direction:column;justify-content:center;}}@media all and (max-width: 767px){.kadence-column19_46d48a-d2 > .kt-inside-inner-col{flex-direction:column;justify-content:center;}}<\/style>\n<div class=\"wp-block-kadence-column kadence-column19_46d48a-d2\"><div class=\"kt-inside-inner-col\">\n                <div class=\"ml-embedded\" data-form=\"LTsg1d\"><\/div>\n            \n<\/div><\/div>\n\n<\/div><\/div><style>.kb-row-layout-wrap.wp-block-kadence-rowlayout.kb-row-layout-id19_aeb6d6-52{margin-bottom:0px;}.kb-row-layout-id19_aeb6d6-52 > .kt-row-column-wrap{align-content:start;}:where(.kb-row-layout-id19_aeb6d6-52 > .kt-row-column-wrap) > .wp-block-kadence-column{justify-content:start;}.kb-row-layout-id19_aeb6d6-52 > .kt-row-column-wrap{column-gap:var(--global-kb-gap-md, 2rem);row-gap:var(--global-kb-gap-md, 2rem);max-width:1200px;padding-top:var(--global-kb-spacing-3xl, 6.5rem);padding-bottom:var(--global-kb-spacing-sm, 1.5rem);grid-template-columns:minmax(0, 1fr);}.kb-row-layout-id19_aeb6d6-52 > .kt-row-layout-overlay{opacity:0.30;}.kb-row-layout-id19_aeb6d6-52 .kt-row-layout-top-sep{height:100px;}.kb-row-layout-id19_aeb6d6-52 .kt-row-layout-top-sep svg{width:100%;}.kb-row-layout-id19_aeb6d6-52 .kt-row-layout-top-sep svg{fill:var(--negro-industrial)!important;}@media all and (max-width: 1024px){.kb-row-layout-id19_aeb6d6-52 > .kt-row-column-wrap{grid-template-columns:minmax(0, 1fr);}}@media all and (max-width: 767px){.kb-row-layout-id19_aeb6d6-52 > .kt-row-column-wrap{grid-template-columns:minmax(0, 1fr);}}<\/style><div class=\"kb-row-layout-wrap kb-row-layout-id19_aeb6d6-52 alignnone has-negro-industrial-background-color kt-row-has-bg wp-block-kadence-rowlayout\"><div class=\"kt-row-layout-top-sep kt-row-sep-type-mtns\"><svg viewBox=\"0 0 1000 100\" preserveAspectRatio=\"none\"><path d=\"M1000,50l-182.69,-45.286l-292.031,61.197l-190.875,-41.075l-143.748,28.794l-190.656,-23.63l0,70l1000,0l0,-50Z\" style=\"opacity: 0.4\" \/><path d=\"M1000,57l-152.781,-22.589l-214.383,19.81l-159.318,-21.471l-177.44,25.875l-192.722,5.627l-103.356,-27.275l0,63.023l1000,0l0,-43Z\" \/><\/svg><\/div><div class=\"kt-row-column-wrap kt-has-1-columns kt-row-layout-equal kt-tab-layout-inherit kt-mobile-layout-row kt-row-valign-top kb-theme-content-width\">\n<style>.kadence-column19_716e9c-56 > .kt-inside-inner-col,.kadence-column19_716e9c-56 > .kt-inside-inner-col:before{border-top-left-radius:0px;border-top-right-radius:0px;border-bottom-right-radius:0px;border-bottom-left-radius:0px;}.kadence-column19_716e9c-56 > .kt-inside-inner-col{column-gap:var(--global-kb-gap-sm, 1rem);}.kadence-column19_716e9c-56 > .kt-inside-inner-col{flex-direction:column;}.kadence-column19_716e9c-56 > .kt-inside-inner-col > .aligncenter{width:100%;}.kadence-column19_716e9c-56 > .kt-inside-inner-col:before{opacity:0.3;}.kadence-column19_716e9c-56{position:relative;}@media all and (max-width: 1024px){.kadence-column19_716e9c-56 > .kt-inside-inner-col{flex-direction:column;justify-content:center;}}@media all and (max-width: 767px){.kadence-column19_716e9c-56 > .kt-inside-inner-col{flex-direction:column;justify-content:center;}}<\/style>\n<div class=\"wp-block-kadence-column kadence-column19_716e9c-56\"><div class=\"kt-inside-inner-col\">\n<p class=\"has-text-align-center has-base-3-color has-text-color has-link-color has-large-font-size wp-elements-c097a5e6d2ba715b354cd32b5db75961\"><strong>IMPACTER L&rsquo;INNOVATION MAKER<\/strong><\/p>\n\n\n\n<p class=\"has-text-align-center has-base-3-color has-text-color has-link-color has-medium-font-size wp-elements-d7346a9112c2477f73a87a94e6d233aa\">MosfetHive aims to provide makers, students, teachers, and businesses with high-quality <strong>electronic components and development kits<\/strong>, fostering creativity, learning, teaching, and innovation.<\/p>\n\n\n<style>.wp-block-kadence-spacer.kt-block-spacer-19_050961-8c .kt-block-spacer{height:60px;}.wp-block-kadence-spacer.kt-block-spacer-19_050961-8c .kt-divider{border-top-width:1px;height:1px;border-top-color:#eee;width:80%;border-top-style:solid;}<\/style>\n<div class=\"wp-block-kadence-spacer aligncenter kt-block-spacer-19_050961-8c\"><div class=\"kt-block-spacer kt-block-spacer-halign-center\"><\/div><\/div>\n\n\n\n<div class=\"wp-block-columns is-layout-flex wp-container-core-columns-is-layout-9d6595d7 wp-block-columns-is-layout-flex\">\n<div class=\"wp-block-column has-base-3-color has-text-color has-link-color has-medium-font-size wp-elements-74937d2f06ff1c4888bd1f4e4481cecd is-layout-flow wp-block-column-is-layout-flow\"><div class=\"wp-block-image\">\n<figure class=\"aligncenter size-full is-resized\"><img loading=\"lazy\" decoding=\"async\" width=\"225\" height=\"225\" src=\"https:\/\/mosfethive.com\/wp-content\/uploads\/2025\/02\/Cubo-Gris.png\" alt=\"\" class=\"wp-image-237\" style=\"width:150px\" srcset=\"https:\/\/mosfethive.com\/wp-content\/uploads\/2025\/02\/Cubo-Gris.png 225w, https:\/\/mosfethive.com\/wp-content\/uploads\/2025\/02\/Cubo-Gris-150x150.png 150w, https:\/\/mosfethive.com\/wp-content\/uploads\/2025\/02\/Cubo-Gris-100x100.png 100w\" sizes=\"auto, (max-width: 225px) 100vw, 225px\" \/><\/figure><\/div>\n\n\n<p class=\"has-text-align-center\"><strong>Stock propre<\/strong> pour des livraisons rapides.<\/p>\n<\/div>\n\n\n\n<div class=\"wp-block-column has-base-3-color has-text-color has-link-color has-medium-font-size wp-elements-44e55fdf47a4d25ebff2e949da14059b is-layout-flow wp-block-column-is-layout-flow\"><div class=\"wp-block-image\">\n<figure class=\"aligncenter size-full is-resized\"><img loading=\"lazy\" decoding=\"async\" width=\"225\" height=\"225\" src=\"https:\/\/mosfethive.com\/wp-content\/uploads\/2025\/02\/Sello-Gris-1.png\" alt=\"\" class=\"wp-image-240\" style=\"aspect-ratio:1;object-fit:cover;width:150px\" srcset=\"https:\/\/mosfethive.com\/wp-content\/uploads\/2025\/02\/Sello-Gris-1.png 225w, https:\/\/mosfethive.com\/wp-content\/uploads\/2025\/02\/Sello-Gris-1-150x150.png 150w, https:\/\/mosfethive.com\/wp-content\/uploads\/2025\/02\/Sello-Gris-1-100x100.png 100w\" sizes=\"auto, (max-width: 225px) 100vw, 225px\" \/><\/figure><\/div>\n\n\n<p class=\"has-text-align-center\"><strong>Produits soigneusement s\u00e9lectionn\u00e9s<\/strong>.<\/p>\n<\/div>\n\n\n\n<div class=\"wp-block-column has-base-3-color has-text-color has-link-color has-medium-font-size wp-elements-cd93a1931a730d2605b99f4ab7904945 is-layout-flow wp-block-column-is-layout-flow\"><div class=\"wp-block-image\">\n<figure class=\"aligncenter size-full is-resized\"><img loading=\"lazy\" decoding=\"async\" width=\"225\" height=\"225\" src=\"https:\/\/mosfethive.com\/wp-content\/uploads\/2025\/02\/Doc-Gris.png\" alt=\"\" class=\"wp-image-239\" style=\"aspect-ratio:1;object-fit:cover;width:150px\" srcset=\"https:\/\/mosfethive.com\/wp-content\/uploads\/2025\/02\/Doc-Gris.png 225w, https:\/\/mosfethive.com\/wp-content\/uploads\/2025\/02\/Doc-Gris-150x150.png 150w, https:\/\/mosfethive.com\/wp-content\/uploads\/2025\/02\/Doc-Gris-100x100.png 100w\" sizes=\"auto, (max-width: 225px) 100vw, 225px\" \/><\/figure><\/div>\n\n\n<p class=\"has-text-align-center\"><strong>Support et documentation<\/strong> pour faciliter chaque projet.<\/p>\n<\/div>\n<\/div>\n<\/div><\/div>\n\n<\/div><\/div>\n<p><\/p>\n","protected":false},"excerpt":{"rendered":"<p>Pi\u00e8ces imprim\u00e9es en 3D pour le bras robotique SO-ARM100 Construisez vos bras robotiques SO-ARM100 avec des pi\u00e8ces imprim\u00e9es en 3D, fabriqu\u00e9es en PLA r\u00e9sistant et pr\u00eates \u00e0 \u00eatre assembl\u00e9es. Personnalisez votre kit en choisissant le type de bras et les couleurs, et recevez des pi\u00e8ces 100 % compatibles et de qualit\u00e9 professionnelle. \ud83d\ude80 Achetez maintenant &#8230; <a title=\"MosfetHive\" class=\"read-more\" href=\"https:\/\/mosfethive.com\/fr\/\" aria-label=\"En savoir plus sur MosfetHive\">Lire plus<\/a><\/p>\n","protected":false},"author":1,"featured_media":0,"parent":0,"menu_order":0,"comment_status":"closed","ping_status":"closed","template":"","meta":{"footnotes":""},"class_list":["post-352","page","type-page","status-publish"],"_links":{"self":[{"href":"https:\/\/mosfethive.com\/fr\/wp-json\/wp\/v2\/pages\/352","targetHints":{"allow":["GET"]}}],"collection":[{"href":"https:\/\/mosfethive.com\/fr\/wp-json\/wp\/v2\/pages"}],"about":[{"href":"https:\/\/mosfethive.com\/fr\/wp-json\/wp\/v2\/types\/page"}],"author":[{"embeddable":true,"href":"https:\/\/mosfethive.com\/fr\/wp-json\/wp\/v2\/users\/1"}],"replies":[{"embeddable":true,"href":"https:\/\/mosfethive.com\/fr\/wp-json\/wp\/v2\/comments?post=352"}],"version-history":[{"count":2,"href":"https:\/\/mosfethive.com\/fr\/wp-json\/wp\/v2\/pages\/352\/revisions"}],"predecessor-version":[{"id":367,"href":"https:\/\/mosfethive.com\/fr\/wp-json\/wp\/v2\/pages\/352\/revisions\/367"}],"wp:attachment":[{"href":"https:\/\/mosfethive.com\/fr\/wp-json\/wp\/v2\/media?parent=352"}],"curies":[{"name":"wp","href":"https:\/\/api.w.org\/{rel}","templated":true}]}}